{"id":1073,"date":"2015-07-12T18:22:58","date_gmt":"2015-07-12T18:22:58","guid":{"rendered":"http:\/\/parqueminiaturasvillasudores.com\/?page_id=1073"},"modified":"2019-09-01T11:10:53","modified_gmt":"2019-09-01T11:10:53","slug":"noticias-y-eventos-3","status":"publish","type":"page","link":"http:\/\/parqueminiaturasvillasudores.com\/?page_id=1073","title":{"rendered":"Noticias y Eventos"},"content":{"rendered":"<div\n\t\t\t\n\t\t\tclass=\"so-widget-sow-image so-widget-sow-image-default-15be6fc1a39e\"\n\t\t\t\n\t\t>\n<div class=\"sow-image-container\">\n\t\t\t<a href=\"http:\/\/parqueminiaturasvillasudores.com\/wp-content\/uploads\/2019\/09\/VIDEO_VILLASUDORES.mp4\"\n\t\t\ttarget=\"_blank\" rel=\"noopener noreferrer\" \t\t>\n\t\t\t<img \n\tsrc=\"http:\/\/parqueminiaturasvillasudores.com\/wp-content\/uploads\/2019\/09\/Informativo-Territorial.png\" width=\"280\" height=\"191\" sizes=\"(max-width: 280px) 100vw, 280px\" title=\"Informativo Territorial\" alt=\"\" \t\tclass=\"so-widget-image\"\/>\n\t\t\t<\/a><\/div>\n\n<\/div>\n\n\n<p><strong>En Informativos Territoriales<\/strong> el pasado 5 de Agosto emitieron un reportaje sobre <strong>Parque Miniaturas Villasudores <\/strong>, os dejamos este enlace para que lo pod\u00e1is ver. Este reportaje es diferente ya que hace comparaciones con los monumentos originales mostrando&nbsp; las replicas y a continuaci\u00f3n las originales\n\n<\/p>\n\n\n<div\n\t\t\t\n\t\t\tclass=\"so-widget-sow-image so-widget-sow-image-default-15be6fc1a39e\"\n\t\t\t\n\t\t>\n<div class=\"sow-image-container\">\n\t\t\t<a href=\"https:\/\/www.youtube.com\/watch?v=izClAJDMVmU\"\n\t\t\ttarget=\"_blank\" rel=\"noopener noreferrer\" \t\t>\n\t\t\t<img \n\tsrc=\"http:\/\/parqueminiaturasvillasudores.com\/wp-content\/uploads\/2019\/03\/Avistade-dron.jpg\" width=\"225\" height=\"225\" srcset=\"http:\/\/parqueminiaturasvillasudores.com\/wp-content\/uploads\/2019\/03\/Avistade-dron.jpg 225w, http:\/\/parqueminiaturasvillasudores.com\/wp-content\/uploads\/2019\/03\/Avistade-dron-150x150.jpg 150w\" sizes=\"(max-width: 225px) 100vw, 225px\" title=\"A vista de Drone\" alt=\"A vista de Drone\" \t\tclass=\"so-widget-image\"\/>\n\t\t\t<\/a><\/div>\n\n<\/div>\n\n\n<p><strong>A vista de Drone Huelva<\/strong>, nos ha realizado un proyecto. Esta publicado en Youtube con el t\u00edtulo <strong>Museo en Miniaturas Villasudores Marzo 2019<\/strong>, os dejamos este enlace para que lo pod\u00e1is ver. Ademas hace un recorrido por el camino hasta llegar a villasudores.\n\n<\/p>\n\n\n<div\n\t\t\t\n\t\t\tclass=\"so-widget-sow-image so-widget-sow-image-default-15be6fc1a39e\"\n\t\t\t\n\t\t>\n<div class=\"sow-image-container\">\n\t\t\t<a href=\"http:\/\/www.canalsur.es\/television\/programas\/andalucia-directo\/detalle\/33.html?video=1305907&#038;sec=\"\n\t\t\ttarget=\"_blank\" rel=\"noopener noreferrer\" \t\t>\n\t\t\t<img \n\tsrc=\"http:\/\/parqueminiaturasvillasudores.com\/wp-content\/uploads\/2015\/05\/Andalucia-Directo.jpg\" width=\"250\" height=\"100\" sizes=\"(max-width: 250px) 100vw, 250px\" title=\"Andaluc\u00eda Directo 2018\" alt=\"Andaluc\u00eda Directo\" \t\tclass=\"so-widget-image\"\/>\n\t\t\t<\/a><\/div>\n\n<\/div>\n\n\n<p>\n\nDe nuevo Canal Sur visita Villasudores, desde el programa Andaluc\u00eda Directo no realiza una entrevista. Pod\u00e9is verla en este enlace, a partir del minuto 1:12:00 .\n\n<\/p>\n\n\n<div\n\t\t\t\n\t\t\tclass=\"so-widget-sow-image so-widget-sow-image-default-15be6fc1a39e\"\n\t\t\t\n\t\t>\n<div class=\"sow-image-container\">\n\t\t\t<a href=\"https:\/\/huelvacosta.com\/conoces-villasudores-esta-en-gibraleon-y-es-impresionante\/\"\n\t\t\ttarget=\"_blank\" rel=\"noopener noreferrer\" \t\t>\n\t\t\t<img \n\tsrc=\"http:\/\/parqueminiaturasvillasudores.com\/wp-content\/uploads\/2015\/06\/huelva-costa1.jpg\" width=\"275\" height=\"183\" srcset=\"http:\/\/parqueminiaturasvillasudores.com\/wp-content\/uploads\/2015\/06\/huelva-costa1.jpg 275w, http:\/\/parqueminiaturasvillasudores.com\/wp-content\/uploads\/2015\/06\/huelva-costa1-272x182.jpg 272w\" sizes=\"(max-width: 275px) 100vw, 275px\" alt=\"\" \t\tclass=\"so-widget-image\"\/>\n\t\t\t<\/a><\/div>\n\n<\/div>\n\n\n<p>\n\n\u2018Huelva Costa\u2018 , la agencia de noticias de la costa de Huelva realiz\u00f3 esta entrevista en Villasudores el pasado 4 de Julio del 2018, con el titular : \u00bfConoces \u00abVillasudores\u00bb? Est\u00e1 en Gibrale\u00f3n .Es Impresionante&#8230; Si no lo has visto, aqu\u00ed lo puedes ver.\n\n<\/p>\n\n\n<p><a href=\"http:\/\/parqueminiaturasvillasudores.com\/?attachment_id=1348\" target=\"_blank\" rel=\"noopener noreferrer\">\t<img loading=\"lazy\" decoding=\"async\" src=\"http:\/\/parqueminiaturasvillasudores.com\/wp-content\/uploads\/2016\/06\/villasudores2-300x185.jpg\" width=\"300\" height=\"185\" title=\"Distribucion de los miniaturas por la finca\" alt=\"Distribucion de los miniaturas por la finca\" class=\"so-widget-image\" style=\"max-width:100%; height:auto; display:block\"><br>\n<\/a>\t\t\tGracias a nuestro amigo Francis Gallardo, os dejamos este mapa con la distribuci\u00f3n de las miniaturas dentro de Villasudores.<br>\nTambi\u00e9n se puede ver en nuestro facebook parqueminiaturasvillasudores . Gracias Francis !!!!!<\/p>\n<p><a href=\"http:\/\/parqueminiaturasvillasudores.com\/?attachment_id=1353#main\" target=\"_blank\" rel=\"noopener noreferrer\">\t<img loading=\"lazy\" decoding=\"async\" src=\"http:\/\/parqueminiaturasvillasudores.com\/wp-content\/uploads\/2014\/04\/Mapa1-300x187.jpg\" width=\"300\" height=\"187\" title=\"Mapa 1\" alt=\"Mapa de como llegar a Villasudores\" class=\"so-widget-image\" style=\"max-width:100%; height:auto; display:block\"><br>\n<\/a>\t\t\tAqui teneis un mapa m\u00e1s explicativo de como llegar al Parqueminuaturas.<br>\nLas flechas indican Villasudores. De este modo nadie se perder\u00e1\u00a1\u00a1\u00a1\u00a1<\/p>\n<p><a href=\"http:\/\/www.historiasdeluz.es\/con-luz-propia\/en-el-turismo\/noticias-andalucia-patrimonio-parque-miniaturas\" target=\"_blank\" rel=\"noopener noreferrer\">\t<img loading=\"lazy\" decoding=\"async\" src=\"http:\/\/parqueminiaturasvillasudores.com\/wp-content\/uploads\/2015\/11\/Historias-de-Luz.gif\" width=\"300\" height=\"110\" title=\"Historias de Luz\" alt=\"Historias de Luz\" class=\"so-widget-image\" style=\"max-width:100%; height:auto; display:block\"><br>\n<\/a>\t\t\t\u2018Historias de Luz\u2018 es una agencia de noticias audiovisual  y realiz\u00f3 esta bonita entrevista en Villasudores el pasado 23 de Octubre, con el titular : Juan Berm\u00fadez, Andaluc\u00eda y su patrimonio en un parque de miniaturas hechas a mano<\/p>\n<p><a href=\"http:\/\/huelvaexperiences.com\/blog\/8\/12-rincones-de-huelva-que-quiza-aun-no-conocias\" target=\"_blank\" rel=\"noopener noreferrer\">\t<img loading=\"lazy\" decoding=\"async\" src=\"http:\/\/parqueminiaturasvillasudores.com\/wp-content\/uploads\/2015\/11\/huelva-experience-300x173.gif\" width=\"300\" height=\"173\" title=\"Huelva Experiences\" alt=\"Huelva Experiences\" class=\"so-widget-image\" style=\"display:block\"><br>\n<\/a>\t\t\tHuelva Experiences, incluye a  Villasudores como una de los 12 rincones de Huelva que quiz\u00e1 a\u00fan no conoc\u00edas. Fue  pasado 5 de noviembre en su blog . Gracias Huelva Experience por el art\u00edculo que dedica a Villadusores\u00a1\u00a1\u00a1\u00a1\u00a1<\/p>\n<p><a href=\"http:\/\/huelvabuenasnoticias.com\/2015\/09\/27\/juan-bermudez-mas-una-decada-reproduciendo-a-escala-los-edificios-mas-emblematicos-de-andalucia\/\" target=\"_blank\" rel=\"noopener noreferrer\">\t<img loading=\"lazy\" decoding=\"async\" src=\"http:\/\/parqueminiaturasvillasudores.com\/wp-content\/uploads\/2015\/10\/huevabuenasnoticias.jpg\" width=\"300\" height=\"100\" title=\"Huelva buenas noticias\" alt=\"Huelva buenas noticias\" class=\"so-widget-image\" style=\"display:block\"><br>\n<\/a>\t\t\tHuelva buenas noticias dedic\u00f3 el pasado domingo 27 de septiembre un reportaje sobre nuestro parque, con el t\u00edtulo  \u00abJuan Berm\u00fadez, m\u00e1s  de una d\u00e9cada reproduciendo a escala los edificios m\u00e1s emblem\u00e1ticos de Andaluc\u00eda\u00bb. Gracias.<\/p>\n<p><a href=\"http:\/\/parqueminiaturasvillasudores.com\/?p=778\" target=\"_blank\" rel=\"noopener noreferrer\">\t<img decoding=\"async\" src=\"http:\/\/parqueminiaturasvillasudores.com\/wp-content\/uploads\/2014\/09\/Montaje2.jpg\" class=\"so-widget-image\" style=\"max-width:100%; height:auto; display:block\"><br>\n<\/a>\t\t\tEn  Junio del 2014 se est\u00e1 llevando a cabo la construcci\u00f3n de la Mezquita de C\u00f3rdoba. Parte de la sala Haram, un espacio de 8&#215;5 columnas con sus respectivos arcos.<\/p>\n<p><a href=\"http:\/\/alacarta.canalsur.es\/television\/video\/gibraleon\/1817621\/267\" target=\"_blank\" rel=\"noopener noreferrer\">\t<img decoding=\"async\" src=\"http:\/\/parqueminiaturasvillasudores.com\/wp-content\/uploads\/2014\/04\/este-es-mi-pueblo2.jpg\" class=\"so-widget-image\" style=\"max-width:100%; height:auto; display:block\"><br>\n<\/a>\t\t\tComo no pod\u00eda ser menos, en Este Es Mi Pueblo <strong>\u00abGibrale\u00f3n\u00bb<\/strong>, tambi\u00e9n podemos ver las minuaturas de Villasudores. El enlace te muestran la entrevista que Rafael Cremades realiza a Juan Berm\u00fadez (minuto 39:05).<\/p>\n<p><\/p>\n<p><a href=\"http:\/\/www.rtve.es\/alacarta\/videos\/espana-directo\/espana-directo-12-03-14\/2443928\/\" target=\"_blank\" rel=\"noopener noreferrer\">\t<img decoding=\"async\" src=\"http:\/\/parqueminiaturasvillasudores.com\/wp-content\/uploads\/2014\/09\/ED2.jpg\" class=\"so-widget-image\" style=\"max-width:100%; height:auto; display:block\"><br>\n<\/a>\t\t\tEl 12 de Marzo del 2014 en Villasudores <em><strong>Espa\u00f1a Directo<\/strong><\/em>. En este enlaces puedes verlo a partir del minuto 01:21:00.<\/p>\n<p><a href=\"http:\/\/alacarta.canalsur.es\/television\/video\/lunes-3-de-marzo\/1172350\/13\" target=\"_blank\" rel=\"noopener noreferrer\">\t<img decoding=\"async\" src=\"http:\/\/parqueminiaturasvillasudores.com\/wp-content\/uploads\/2015\/05\/Andalucia-Directo.jpg\" class=\"so-widget-image\" style=\"max-width:100%; height:auto; display:block\"><br>\n<\/a>\t\t\tAndaluc\u00eda Directo visit\u00f3 Villasudores el 3 de Marzo del 2014. Puedes ver la visita en este enlace, recuerda que comienza en el minuto 31:55.<\/p>\n<p><a href=\"http:\/\/parqueminiaturasvillasudores.com\/wp-content\/uploads\/2014\/04\/MONUMENTOS.OK_.wmv\" target=\"_blank\" rel=\"noopener noreferrer\">\t<img loading=\"lazy\" decoding=\"async\" src=\"http:\/\/parqueminiaturasvillasudores.com\/wp-content\/uploads\/2015\/06\/Directo-telecincoes_MDSIMA20111027_0289_1.png\" width=\"259\" height=\"143\" class=\"so-widget-image\" style=\"max-width:100%; height:auto; display:block\"><br>\n<\/a>\t\t\tEn este enlace puedes ver un v\u00eddeo realizado por <em><strong>Telecinco<\/strong><\/em> en el mes de Marzo del 2014. Destaca que los monumentos a escala se realizan sin planos, solo siguiendo fotograf\u00edas.<\/p>\n<p><a href=\"http:\/\/www.lasportadas.es\/d\/20140224\/418\/Huelva-Informaci%C3%B3n\" target=\"_blank\" rel=\"noopener noreferrer\"><img loading=\"lazy\" decoding=\"async\" style=\"border: 4px solid #5585ac\" src=\"http:\/\/www.lasportadas.es\/data\/2014\/20140224\/GHuelvaInformacionI.jpg\" alt=\"Huelva Informaci\u00f3n\" width=\"200\" height=\"300\"><\/a><em><strong>Huelvalva Informaci\u00f3n<\/strong><\/em> dedic\u00f3 la portada del 24 de Febrero del 2014 al Parque Miniaturas \u00abVillasudores\u00bb con el titular &nbsp;<strong><em>Andaluc\u00eda a escala. Juan Berm\u00fadez reproduce en su finca 13 monumentos<\/em><\/strong>. Se puede ver una fotograf\u00eda de Juan Berm\u00fadez en la r\u00e9plica del Patio de los Leones. En sus p\u00e1ginas interiores se puede leer un amplio reportaje con entrevista personal al \u00abPoeta de la Construcci\u00f3n\u00bb denominado as\u00ed por el periodista Fernando Barranco.<\/p>\n<p><a href=\"https:\/\/youtu.be\/5SH49igYbD4\" target=\"_blank\" rel=\"noopener noreferrer\">\t<img decoding=\"async\" src=\"http:\/\/parqueminiaturasvillasudores.com\/wp-content\/uploads\/2014\/04\/Canal-Costa.jpg\" class=\"so-widget-image\" style=\"max-width:100%; height:auto; display:block\"><br>\n<\/a>\t\t\t<strong>Canal Costa<\/strong> realiz\u00f3 un amplio reportaje en <strong>Junio del 2012<\/strong>, donde destacan las miniaturas del pueblo de <strong>Gibrale\u00f3n (Iglesia del Carmen y Puerta de la Guardia Civil) <\/strong>en este enlace lo puedes ver<\/p>\n<p><a href=\"https:\/\/www.youtube.com\/watch?v=OnBi9EritbE&amp;feature=youtu.be\" target=\"_blank\" rel=\"noopener noreferrer\">\t<img decoding=\"async\" src=\"http:\/\/parqueminiaturasvillasudores.com\/wp-content\/uploads\/2014\/04\/Noticias-CNH.png\" class=\"so-widget-image\" style=\"max-width:100%; height:auto; display:block\"><br>\n<\/a>\t\t\tEn <strong>Marzo del 2012<\/strong> visit\u00f3 Villasudores el <strong>canal CNH<\/strong>, os mostramos en este enlace el reportaje. Juan, comenta que su pr\u00f3ximo trabajo ser\u00e1 la <strong>Torre del Oro<\/strong>.<\/p>\n<p><a href=\"https:\/\/www.youtube.com\/watch?v=K7jjjTDQKZk\" target=\"_blank\" rel=\"noopener noreferrer\">\t<img decoding=\"async\" src=\"http:\/\/parqueminiaturasvillasudores.com\/wp-content\/uploads\/2014\/04\/Paseandoporandalucia.jpg\" class=\"so-widget-image\" style=\"max-width:100%; height:auto; display:block\"><br>\n<\/a>\t\t\tEn <strong>Enero del 2010<\/strong> visit\u00f3 Villasudores <em>Francisco Javier Arranz<\/em> y realiz\u00f3 este bonito v\u00eddeo sobre las miniaturas. En \u00e9l se destacan <strong>La Maestranza, La iglesia convento, La Giralda y El Patio de los Leones<\/strong>.<\/p>\n<p>\t<img class=\"so-widget-image\" style=\"max-width:100%; height:auto; display:block\"><\/p>","protected":false},"excerpt":{"rendered":"<p>En Informativos Territoriales el pasado 5 de Agosto emitieron un reportaje sobre Parque Miniaturas Villasudores , os dejamos este enlace para que lo pod\u00e1is ver. Este reportaje es diferente ya <a class=\"more-link\" href=\"http:\/\/parqueminiaturasvillasudores.com\/?page_id=1073\">Continue Reading &rarr;<\/a><\/p>\n","protected":false},"author":1,"featured_media":0,"parent":0,"menu_order":4,"comment_status":"closed","ping_status":"closed","template":"","meta":{"footnotes":""},"class_list":["post-1073","page","type-page","status-publish","hentry"],"aioseo_notices":[],"_links":{"self":[{"href":"http:\/\/parqueminiaturasvillasudores.com\/index.php?rest_route=\/wp\/v2\/pages\/1073"}],"collection":[{"href":"http:\/\/parqueminiaturasvillasudores.com\/index.php?rest_route=\/wp\/v2\/pages"}],"about":[{"href":"http:\/\/parqueminiaturasvillasudores.com\/index.php?rest_route=\/wp\/v2\/types\/page"}],"author":[{"embeddable":true,"href":"http:\/\/parqueminiaturasvillasudores.com\/index.php?rest_route=\/wp\/v2\/users\/1"}],"replies":[{"embeddable":true,"href":"http:\/\/parqueminiaturasvillasudores.com\/index.php?rest_route=%2Fwp%2Fv2%2Fcomments&post=1073"}],"version-history":[{"count":17,"href":"http:\/\/parqueminiaturasvillasudores.com\/index.php?rest_route=\/wp\/v2\/pages\/1073\/revisions"}],"predecessor-version":[{"id":1541,"href":"http:\/\/parqueminiaturasvillasudores.com\/index.php?rest_route=\/wp\/v2\/pages\/1073\/revisions\/1541"}],"wp:attachment":[{"href":"http:\/\/parqueminiaturasvillasudores.com\/index.php?rest_route=%2Fwp%2Fv2%2Fmedia&parent=1073"}],"curies":[{"name":"wp","href":"https:\/\/api.w.org\/{rel}","templated":true}]}}