{"id":1017,"date":"2015-06-14T10:37:31","date_gmt":"2015-06-14T10:37:31","guid":{"rendered":"http:\/\/parqueminiaturasvillasudores.com\/?page_id=1017"},"modified":"2024-11-24T15:06:46","modified_gmt":"2024-11-24T15:06:46","slug":"eventos","status":"publish","type":"page","link":"https:\/\/parqueminiaturasvillasudores.com\/?page_id=1017","title":{"rendered":"Eventos"},"content":{"rendered":"<div id=\"pl-1017\"  class=\"panel-layout\" ><div id=\"pg-1017-0\"  class=\"panel-grid panel-no-style\" ><div id=\"pgc-1017-0-0\"  class=\"panel-grid-cell\" ><div id=\"panel-1017-0-0-0\" class=\"so-panel widget widget_sow-image panel-first-child panel-last-child\" data-index=\"0\" ><div\n\t\t\t\n\t\t\tclass=\"so-widget-sow-image so-widget-sow-image-default-8b5b6f678277-1017\"\n\t\t\t\n\t\t>\n<div class=\"sow-image-container\">\n\t\t<img \n\tsrc=\"https:\/\/parqueminiaturasvillasudores.com\/wp-content\/uploads\/2024\/11\/AAA-300x226.jpg\" width=\"300\" height=\"226\" srcset=\"https:\/\/parqueminiaturasvillasudores.com\/wp-content\/uploads\/2024\/11\/AAA-300x226.jpg 300w, https:\/\/parqueminiaturasvillasudores.com\/wp-content\/uploads\/2024\/11\/AAA-850x640.jpg 850w, https:\/\/parqueminiaturasvillasudores.com\/wp-content\/uploads\/2024\/11\/AAA-768x578.jpg 768w, https:\/\/parqueminiaturasvillasudores.com\/wp-content\/uploads\/2024\/11\/AAA-1536x1156.jpg 1536w, https:\/\/parqueminiaturasvillasudores.com\/wp-content\/uploads\/2024\/11\/AAA.jpg 1600w\" sizes=\"(max-width: 300px) 100vw, 300px\" title=\"Grupo de Sevilla\" alt=\"Grupo de Sevilla\" \t\tclass=\"so-widget-image\"\/>\n\t<\/div>\n\n<\/div><\/div><\/div><div id=\"pgc-1017-0-1\"  class=\"panel-grid-cell\" ><div id=\"panel-1017-0-1-0\" class=\"so-panel widget widget_text panel-first-child panel-last-child\" data-index=\"1\" >\t\t\t<div class=\"textwidget\"><p>Grupo de una asociaci\u00f3n de vecinos de Sevilla visito Villasudores este mes de Noviembre 2024. Gracias por vuestra visita.<\/p>\n<\/div>\n\t\t<\/div><\/div><\/div><div id=\"pg-1017-1\"  class=\"panel-grid panel-no-style\" ><div id=\"pgc-1017-1-0\"  class=\"panel-grid-cell\" ><div id=\"panel-1017-1-0-0\" class=\"so-panel widget widget_sow-image panel-first-child panel-last-child\" data-index=\"2\" ><div\n\t\t\t\n\t\t\tclass=\"so-widget-sow-image so-widget-sow-image-default-8b5b6f678277-1017\"\n\t\t\t\n\t\t>\n<div class=\"sow-image-container\">\n\t\t<img \n\tsrc=\"https:\/\/parqueminiaturasvillasudores.com\/wp-content\/uploads\/2024\/08\/IMG-20240813-WA0003-150x150.jpg\" width=\"150\" height=\"150\" sizes=\"(max-width: 150px) 100vw, 150px\" alt=\"\" \t\tclass=\"so-widget-image\"\/>\n\t<\/div>\n\n<\/div><\/div><\/div><div id=\"pgc-1017-1-1\"  class=\"panel-grid-cell\" ><div id=\"panel-1017-1-1-0\" class=\"so-panel widget widget_sow-image panel-first-child panel-last-child\" data-index=\"3\" ><div\n\t\t\t\n\t\t\tclass=\"so-widget-sow-image so-widget-sow-image-default-8b5b6f678277-1017\"\n\t\t\t\n\t\t>\n<div class=\"sow-image-container\">\n\t\t<img \n\tsrc=\"https:\/\/parqueminiaturasvillasudores.com\/wp-content\/uploads\/2024\/08\/IMG-20240813-WA0002-150x150.jpg\" width=\"150\" height=\"150\" sizes=\"(max-width: 150px) 100vw, 150px\" alt=\"\" \t\tclass=\"so-widget-image\"\/>\n\t<\/div>\n\n<\/div><\/div><\/div><div id=\"pgc-1017-1-2\"  class=\"panel-grid-cell\" ><div id=\"panel-1017-1-2-0\" class=\"so-panel widget widget_text panel-first-child panel-last-child\" data-index=\"4\" >\t\t\t<div class=\"textwidget\"><p>En esta ma\u00f1ana de Agosto del 2024 nos ha visitado\u00a0 nuestros\u00a0 amigos, Cloe , Hugo, Ana&#8230;,\u00a0 gracias familia Mor\u00f3n\u00a1.<\/p>\n<\/div>\n\t\t<\/div><\/div><\/div><div id=\"pg-1017-2\"  class=\"panel-grid panel-no-style\" ><div id=\"pgc-1017-2-0\"  class=\"panel-grid-cell\" ><div id=\"panel-1017-2-0-0\" class=\"so-panel widget widget_sow-image panel-first-child panel-last-child\" data-index=\"5\" ><div\n\t\t\t\n\t\t\tclass=\"so-widget-sow-image so-widget-sow-image-default-8b5b6f678277-1017\"\n\t\t\t\n\t\t>\n<div class=\"sow-image-container\">\n\t\t<img \n\tsrc=\"https:\/\/parqueminiaturasvillasudores.com\/wp-content\/uploads\/2020\/03\/DSC_4499-300x199.jpg\" width=\"300\" height=\"199\" srcset=\"https:\/\/parqueminiaturasvillasudores.com\/wp-content\/uploads\/2020\/03\/DSC_4499-300x199.jpg 300w, https:\/\/parqueminiaturasvillasudores.com\/wp-content\/uploads\/2020\/03\/DSC_4499-850x565.jpg 850w, https:\/\/parqueminiaturasvillasudores.com\/wp-content\/uploads\/2020\/03\/DSC_4499-768x511.jpg 768w, https:\/\/parqueminiaturasvillasudores.com\/wp-content\/uploads\/2020\/03\/DSC_4499-1536x1021.jpg 1536w, https:\/\/parqueminiaturasvillasudores.com\/wp-content\/uploads\/2020\/03\/DSC_4499-2048x1362.jpg 2048w, https:\/\/parqueminiaturasvillasudores.com\/wp-content\/uploads\/2020\/03\/DSC_4499-750x499.jpg 750w, https:\/\/parqueminiaturasvillasudores.com\/wp-content\/uploads\/2020\/03\/DSC_4499-360x240.jpg 360w\" sizes=\"(max-width: 300px) 100vw, 300px\" title=\"Profesores de Colegios  (Gibrale\u00f3n)\" alt=\"Profesores de Colegios de Gibrale\u00f3n\" \t\tclass=\"so-widget-image\"\/>\n\t<\/div>\n\n<\/div><\/div><\/div><div id=\"pgc-1017-2-1\"  class=\"panel-grid-cell\" ><div id=\"panel-1017-2-1-0\" class=\"so-panel widget widget_text panel-first-child panel-last-child\" data-index=\"6\" >\t\t\t<div class=\"textwidget\"><p>En estos d\u00edas estamos recibiendo visitas de los colegios de Gibraleon y Cartaya. Esta es una fotografia realizada a un grupo de profesores.<\/p>\n<p>Gracias. (Febrero-2020)<\/p>\n<\/div>\n\t\t<\/div><\/div><\/div><div id=\"pg-1017-3\"  class=\"panel-grid panel-no-style\" ><div id=\"pgc-1017-3-0\"  class=\"panel-grid-cell\" ><div id=\"panel-1017-3-0-0\" class=\"so-panel widget widget_sow-image panel-first-child panel-last-child\" data-index=\"7\" ><div\n\t\t\t\n\t\t\tclass=\"so-widget-sow-image so-widget-sow-image-default-8b5b6f678277-1017\"\n\t\t\t\n\t\t>\n<div class=\"sow-image-container\">\n\t\t\t<a href=\"http:\/\/parqueminiaturasvillasudores.com\/?attachment_id=1387\"\n\t\t\ttarget=\"_blank\" rel=\"noopener noreferrer\" \t\t>\n\t\t\t<img \n\tsrc=\"https:\/\/parqueminiaturasvillasudores.com\/wp-content\/uploads\/2018\/05\/IMG-20180506-WA0003-300x225.jpg\" width=\"300\" height=\"225\" srcset=\"https:\/\/parqueminiaturasvillasudores.com\/wp-content\/uploads\/2018\/05\/IMG-20180506-WA0003-300x225.jpg 300w, https:\/\/parqueminiaturasvillasudores.com\/wp-content\/uploads\/2018\/05\/IMG-20180506-WA0003-850x637.jpg 850w, https:\/\/parqueminiaturasvillasudores.com\/wp-content\/uploads\/2018\/05\/IMG-20180506-WA0003-e1525632817538.jpg 500w\" sizes=\"(max-width: 300px) 100vw, 300px\" title=\"Amigos de Sevilla\" alt=\"Amigos de Sevilla\" \t\tclass=\"so-widget-image\"\/>\n\t\t\t<\/a><\/div>\n\n<\/div><\/div><\/div><div id=\"pgc-1017-3-1\"  class=\"panel-grid-cell\" ><div id=\"panel-1017-3-1-0\" class=\"so-panel widget widget_text panel-first-child panel-last-child\" data-index=\"8\" >\t\t\t<div class=\"textwidget\">Este s\u00e1bado 6 de mayo recibimos en Villasudores  a unos amigos de Sevilla  a pasar el d\u00eda . Cerveza fr\u00eda y barbacoa. Gracia\u00a1\u00a1\u00a1 <\/div>\n\t\t<\/div><\/div><\/div><div id=\"pg-1017-4\"  class=\"panel-grid panel-no-style\" ><div id=\"pgc-1017-4-0\"  class=\"panel-grid-cell\" ><div id=\"panel-1017-4-0-0\" class=\"so-panel widget widget_sow-image panel-first-child panel-last-child\" data-index=\"9\" ><div\n\t\t\t\n\t\t\tclass=\"so-widget-sow-image so-widget-sow-image-default-8b5b6f678277-1017\"\n\t\t\t\n\t\t>\n<div class=\"sow-image-container\">\n\t\t\t<a href=\"http:\/\/parqueminiaturasvillasudores.com\/wp-content\/uploads\/2015\/11\/IMG_9152.gif\"\n\t\t\ttarget=\"_blank\" rel=\"noopener noreferrer\" \t\t>\n\t\t\t<img \n\tsrc=\"https:\/\/parqueminiaturasvillasudores.com\/wp-content\/uploads\/2015\/11\/IMG_9152-300x225.gif\" width=\"300\" height=\"225\" srcset=\"https:\/\/parqueminiaturasvillasudores.com\/wp-content\/uploads\/2015\/11\/IMG_9152-300x225.gif 300w, https:\/\/parqueminiaturasvillasudores.com\/wp-content\/uploads\/2015\/11\/IMG_9152-850x637.gif 850w\" sizes=\"(max-width: 300px) 100vw, 300px\" alt=\"\" \t\tclass=\"so-widget-image\"\/>\n\t\t\t<\/a><\/div>\n\n<\/div><\/div><\/div><div id=\"pgc-1017-4-1\"  class=\"panel-grid-cell\" ><div id=\"panel-1017-4-1-0\" class=\"so-panel widget widget_text panel-first-child panel-last-child\" data-index=\"10\" >\t\t\t<div class=\"textwidget\">Encuentro entre las familias Berm\u00fadez de Paterna y Colmenar en Parque Miniaturas Villasudores ( Gibrale\u00f3n). Saludos\u00a1\u00a1\u00a1\u00a1\u00a1<\/div>\n\t\t<\/div><\/div><\/div><div id=\"pg-1017-5\"  class=\"panel-grid panel-no-style\" ><div id=\"pgc-1017-5-0\"  class=\"panel-grid-cell\" ><div id=\"panel-1017-5-0-0\" class=\"so-panel widget widget_text panel-first-child panel-last-child\" data-index=\"11\" >\t\t\t<div class=\"textwidget\"> En este mes de agosto del 2015 nos visitan grupos de jovenes deportistas de la escuela de verano de Gibrale\u00f3n .\nLas fotograf\u00edas de los  grupos de los j\u00f3venes deportistas de la escuela de verano, han sido eliminadas de acuerdo a la ley de protecci\u00f3n de datos. Gracias por vuestra  visita.\n<\/div>\n\t\t<\/div><\/div><\/div><div id=\"pg-1017-6\"  class=\"panel-grid panel-no-style\" ><div id=\"pgc-1017-6-0\"  class=\"panel-grid-cell\" ><div id=\"panel-1017-6-0-0\" class=\"so-panel widget widget_sow-image panel-first-child panel-last-child\" data-index=\"12\" ><div\n\t\t\t\n\t\t\tclass=\"so-widget-sow-image so-widget-sow-image-default-8b5b6f678277-1017\"\n\t\t\t\n\t\t>\n<div class=\"sow-image-container\">\n\t\t\t<a href=\"http:\/\/parqueminiaturasvillasudores.com\/wp-content\/uploads\/2015\/09\/IMG_8984.gif\"\n\t\t\ttarget=\"_blank\" rel=\"noopener noreferrer\" \t\t>\n\t\t\t<img \n\tsrc=\"https:\/\/parqueminiaturasvillasudores.com\/wp-content\/uploads\/2015\/09\/IMG_8984-300x225.gif\" width=\"300\" height=\"225\" srcset=\"https:\/\/parqueminiaturasvillasudores.com\/wp-content\/uploads\/2015\/09\/IMG_8984-300x225.gif 300w, https:\/\/parqueminiaturasvillasudores.com\/wp-content\/uploads\/2015\/09\/IMG_8984-850x637.gif 850w\" sizes=\"(max-width: 300px) 100vw, 300px\" alt=\"\" \t\tclass=\"so-widget-image\"\/>\n\t\t\t<\/a><\/div>\n\n<\/div><\/div><\/div><div id=\"pgc-1017-6-1\"  class=\"panel-grid-cell\" ><div id=\"panel-1017-6-1-0\" class=\"so-panel widget widget_text panel-first-child panel-last-child\" data-index=\"13\" >\t\t\t<div class=\"textwidget\">Unos amigos de Huelva pasan una tarde en Villasudores. Gracias por vuestra compa\u00f1\u00eda.(Agosto 2015).<\/div>\n\t\t<\/div><\/div><\/div><div id=\"pg-1017-7\"  class=\"panel-grid panel-no-style\" ><div id=\"pgc-1017-7-0\"  class=\"panel-grid-cell\" ><div id=\"panel-1017-7-0-0\" class=\"so-panel widget widget_sow-editor panel-first-child\" data-index=\"14\" ><div\n\t\t\t\n\t\t\tclass=\"so-widget-sow-editor so-widget-sow-editor-base\"\n\t\t\t\n\t\t>\n<div class=\"siteorigin-widget-tinymce textwidget\">\n\t<p><a href=\"http:\/\/parqueminiaturasvillasudores.com\/wp-content\/uploads\/2015\/08\/Torremolinos.gif\" target=\"_blank\"><img loading=\"lazy\" decoding=\"async\" class=\"alignleft size-medium wp-image-1107\" src=\"http:\/\/parqueminiaturasvillasudores.com\/wp-content\/uploads\/2015\/08\/Torremolinos-300x225.gif\" alt=\"Torremolinos]\" width=\"300\" height=\"225\" srcset=\"https:\/\/parqueminiaturasvillasudores.com\/wp-content\/uploads\/2015\/08\/Torremolinos-300x225.gif 300w, https:\/\/parqueminiaturasvillasudores.com\/wp-content\/uploads\/2015\/08\/Torremolinos-850x637.gif 850w\" sizes=\"(max-width: 300px) 100vw, 300px\" \/><\/a><\/p>\n<p> Asociaci\u00f3n amigos de Torremolinos (M\u00e1laga) estuvo en Villasodures en el pasado mes de Junio (2015). Gracias.<\/p>\n<p>\u00a0<\/p>\n<p>\u00a0<\/p>\n<\/div>\n<\/div><\/div><div id=\"panel-1017-7-0-1\" class=\"so-panel widget widget_sow-editor panel-last-child\" data-index=\"15\" ><div\n\t\t\t\n\t\t\tclass=\"so-widget-sow-editor so-widget-sow-editor-base\"\n\t\t\t\n\t\t>\n<div class=\"siteorigin-widget-tinymce textwidget\">\n\t<p><a href=\"http:\/\/parqueminiaturasvillasudores.com\/wp-content\/uploads\/2015\/07\/AAA.gif\" target=\"_blank\"><img loading=\"lazy\" decoding=\"async\" class=\"alignleft size-medium wp-image-1096\" src=\"http:\/\/parqueminiaturasvillasudores.com\/wp-content\/uploads\/2015\/07\/AAA-300x225.gif\" alt=\"AAA\" width=\"300\" height=\"225\" srcset=\"https:\/\/parqueminiaturasvillasudores.com\/wp-content\/uploads\/2015\/07\/AAA-300x225.gif 300w, https:\/\/parqueminiaturasvillasudores.com\/wp-content\/uploads\/2015\/07\/AAA-850x637.gif 850w\" sizes=\"(max-width: 300px) 100vw, 300px\" \/><\/a><\/p>\n<p>\u00a0<br \/> Asociaci\u00f3n amigos del Alzheimer visit\u00f3 Villasodures en este pasado mes de Abril (2015). Gracias.<\/p>\n<p>\u00a0<\/p>\n<\/div>\n<\/div><\/div><\/div><\/div><div id=\"pg-1017-8\"  class=\"panel-grid panel-no-style\" ><div id=\"pgc-1017-8-0\"  class=\"panel-grid-cell panel-grid-cell-empty panel-grid-cell-mobile-last\" ><\/div><div id=\"pgc-1017-8-1\"  class=\"panel-grid-cell panel-grid-cell-empty\" ><\/div><\/div><\/div>","protected":false},"excerpt":{"rendered":"<p>Grupo de una asociaci\u00f3n de vecinos de Sevilla visito Villasudores este mes de Noviembre 2024. Gracias por vuestra visita. En esta ma\u00f1ana de Agosto del 2024 nos ha visitado\u00a0 nuestros\u00a0 <a class=\"more-link\" href=\"https:\/\/parqueminiaturasvillasudores.com\/?page_id=1017\">Continue Reading &rarr;<\/a><\/p>\n","protected":false},"author":1,"featured_media":0,"parent":1073,"menu_order":1,"comment_status":"closed","ping_status":"closed","template":"","meta":{"footnotes":""},"class_list":["post-1017","page","type-page","status-publish","hentry"],"aioseo_notices":[],"_links":{"self":[{"href":"https:\/\/parqueminiaturasvillasudores.com\/index.php?rest_route=\/wp\/v2\/pages\/1017"}],"collection":[{"href":"https:\/\/parqueminiaturasvillasudores.com\/index.php?rest_route=\/wp\/v2\/pages"}],"about":[{"href":"https:\/\/parqueminiaturasvillasudores.com\/index.php?rest_route=\/wp\/v2\/types\/page"}],"author":[{"embeddable":true,"href":"https:\/\/parqueminiaturasvillasudores.com\/index.php?rest_route=\/wp\/v2\/users\/1"}],"replies":[{"embeddable":true,"href":"https:\/\/parqueminiaturasvillasudores.com\/index.php?rest_route=%2Fwp%2Fv2%2Fcomments&post=1017"}],"version-history":[{"count":73,"href":"https:\/\/parqueminiaturasvillasudores.com\/index.php?rest_route=\/wp\/v2\/pages\/1017\/revisions"}],"predecessor-version":[{"id":1806,"href":"https:\/\/parqueminiaturasvillasudores.com\/index.php?rest_route=\/wp\/v2\/pages\/1017\/revisions\/1806"}],"up":[{"embeddable":true,"href":"https:\/\/parqueminiaturasvillasudores.com\/index.php?rest_route=\/wp\/v2\/pages\/1073"}],"wp:attachment":[{"href":"https:\/\/parqueminiaturasvillasudores.com\/index.php?rest_route=%2Fwp%2Fv2%2Fmedia&parent=1017"}],"curies":[{"name":"wp","href":"https:\/\/api.w.org\/{rel}","templated":true}]}}