{"id":57,"date":"2014-04-08T08:25:39","date_gmt":"2014-04-08T08:25:39","guid":{"rendered":"http:\/\/localhost:81\/wordpress\/?page_id=57"},"modified":"2021-04-22T21:52:07","modified_gmt":"2021-04-22T21:52:07","slug":"como-llegar","status":"publish","type":"page","link":"https:\/\/parqueminiaturasvillasudores.com\/?page_id=57","title":{"rendered":"Como llegar"},"content":{"rendered":"<p class=\"nada\">Hola&#8230;<\/p>\n<p>Para llegar a <strong>Villasudores<\/strong> siga las siguientes instrucciones:<\/p>\n<ol>\n<li>Si viene desde Huelva, tiene que salir hacia <strong>Gibrale\u00f3n<\/strong>, N-431.<\/li>\n<li>Despu\u00e9s de 7.5 km aproximadamente ,gire en la A-495 (carretera Gibrale\u00f3n-San Bartolome).<\/li>\n<li>Aproximadamente a 1 km se encuentra un desv\u00edo a la izquierda (camino Pozo Negro), t\u00f3melo.<\/li>\n<li>Siga las flechas indicativas.<\/li>\n<li>Encontrar\u00e1 \u00abEl Parque Miniaturas Villasudores\u00bb a 5 km desde el inicio del camino.<\/li>\n<li>O si lo prefiere aqu\u00ed te dejo las coordenadas gps: Latitud(l) =\u00a037.39245928915322 y Longitud(L)=-7.042520642280579<\/li>\n<\/ol>\n<p>Puedes ver un nuevo mapa , con el que queda mejor explicado:<br \/>\n<a href=\"http:\/\/parqueminiaturasvillasudores.com\/wp-content\/uploads\/2014\/04\/Mapa1.jpg\" target=\"_blank\" rel=\"noopener noreferrer\"><img loading=\"lazy\" decoding=\"async\" class=\"alignleft size-full wp-image-1353\" src=\"http:\/\/parqueminiaturasvillasudores.com\/wp-content\/uploads\/2014\/04\/Mapa1.jpg\" alt=\"Mapa1\" width=\"1274\" height=\"795\" srcset=\"https:\/\/parqueminiaturasvillasudores.com\/wp-content\/uploads\/2014\/04\/Mapa1.jpg 1274w, https:\/\/parqueminiaturasvillasudores.com\/wp-content\/uploads\/2014\/04\/Mapa1-300x187.jpg 300w, https:\/\/parqueminiaturasvillasudores.com\/wp-content\/uploads\/2014\/04\/Mapa1-850x530.jpg 850w\" sizes=\"(max-width: 1274px) 100vw, 1274px\" \/><\/a><br \/>\n<em><strong>\u00a1 OS ESPERAMOS !<\/strong><\/em><\/p>\n","protected":false},"excerpt":{"rendered":"<p>Hola&#8230; Para llegar a Villasudores siga las siguientes instrucciones: Si viene desde Huelva, tiene que salir hacia Gibrale\u00f3n, N-431. Despu\u00e9s de 7.5 km aproximadamente ,gire en la A-495 (carretera Gibrale\u00f3n-San <a class=\"more-link\" href=\"https:\/\/parqueminiaturasvillasudores.com\/?page_id=57\">Continue Reading &rarr;<\/a><\/p>\n","protected":false},"author":2,"featured_media":0,"parent":0,"menu_order":5,"comment_status":"closed","ping_status":"closed","template":"","meta":{"footnotes":""},"class_list":["post-57","page","type-page","status-publish","hentry"],"aioseo_notices":[],"_links":{"self":[{"href":"https:\/\/parqueminiaturasvillasudores.com\/index.php?rest_route=\/wp\/v2\/pages\/57"}],"collection":[{"href":"https:\/\/parqueminiaturasvillasudores.com\/index.php?rest_route=\/wp\/v2\/pages"}],"about":[{"href":"https:\/\/parqueminiaturasvillasudores.com\/index.php?rest_route=\/wp\/v2\/types\/page"}],"author":[{"embeddable":true,"href":"https:\/\/parqueminiaturasvillasudores.com\/index.php?rest_route=\/wp\/v2\/users\/2"}],"replies":[{"embeddable":true,"href":"https:\/\/parqueminiaturasvillasudores.com\/index.php?rest_route=%2Fwp%2Fv2%2Fcomments&post=57"}],"version-history":[{"count":18,"href":"https:\/\/parqueminiaturasvillasudores.com\/index.php?rest_route=\/wp\/v2\/pages\/57\/revisions"}],"predecessor-version":[{"id":1650,"href":"https:\/\/parqueminiaturasvillasudores.com\/index.php?rest_route=\/wp\/v2\/pages\/57\/revisions\/1650"}],"wp:attachment":[{"href":"https:\/\/parqueminiaturasvillasudores.com\/index.php?rest_route=%2Fwp%2Fv2%2Fmedia&parent=57"}],"curies":[{"name":"wp","href":"https:\/\/api.w.org\/{rel}","templated":true}]}}