{"id":96,"date":"2014-04-12T14:22:20","date_gmt":"2014-04-12T14:22:20","guid":{"rendered":"http:\/\/localhost:81\/wordpress\/?page_id=96"},"modified":"2015-06-16T17:51:31","modified_gmt":"2015-06-16T17:51:31","slug":"bienvenida","status":"publish","type":"page","link":"https:\/\/parqueminiaturasvillasudores.com\/?page_id=96","title":{"rendered":"Bienvenidos"},"content":{"rendered":"<div style=\"float: left; padding-right: 6%;\"><img loading=\"lazy\" decoding=\"async\" class=\"alignleft size-full wp-image-852\" src=\"http:\/\/parqueminiaturasvillasudores.com\/wp-content\/uploads\/2014\/04\/JuanBermudez51.jpg\" alt=\"JuanBermudez5\" width=\"400\" height=\"300\" \/><\/div>\n<p style=\"text-indent: 30px; text-align: justify;\">Mi nombre es Juan Berm\u00fadez G\u00f3mez y les voy a relatar c\u00f3mo empieza esta costumbre m\u00eda de construir r\u00e9plicas de monumentos.<br \/>\nEl culpable de la existencia de \u201cVillasudores\u201d es mi nieto Juan. Cuando a\u00fan no hab\u00eda nacido, decid\u00ed construirle una peque\u00f1a casa de juegos y claro, al estar en Andaluc\u00eda, dicha casa tuvo estilo \u00e1rabe. Me gust\u00f3, y gust\u00f3 a toda la familia, como qued\u00f3. Decid\u00ed probar despu\u00e9s con alg\u00fan monumento que me atrajera como fue la plaza de toros La Maestranza y as\u00ed, esta peque\u00f1a an\u00e9cdota trajo consigo que continuar\u00e1 con una serie de construcciones que conforman hoy d\u00eda \u201cVillasudores\u201d Muchos de estos monumentos adem\u00e1s \u201cpertenecen\u201d a mis hijos y nietos (la Torre del Oro es de mi hija To\u00f1i, el costurero de la reina de mi nieta Miriam,\u2026)<br \/>\nDecir que estas construcciones est\u00e1n hechas con mis manos es literal, ya que hasta los ladrillos o tejas los he fabricado yo mismo y los edificios los levant\u00e9 bas\u00e1ndome en fotograf\u00edas que, o bien realizaba del monumento original o las recopilaba de otra forma. Es por eso que el nombre de la finca viene como anillo al dedo, porque ha costado muchos \u201csudores\u201d.<br \/>\nUna tarea que ha ocupado mis d\u00edas de jubilaci\u00f3n hasta hoy, y espero los siga ocupando mientras tenga fuerzas y espacio en la finca.<br \/>\nSin m\u00e1s, les invito a visitar mi humilde finca, donde su amigo Juan Berm\u00fadez estar\u00e1 encantado de atenderles.<\/p>\n","protected":false},"excerpt":{"rendered":"<p>Mi nombre es Juan Berm\u00fadez G\u00f3mez y les voy a relatar c\u00f3mo empieza esta costumbre m\u00eda de construir r\u00e9plicas de monumentos. El culpable de la existencia de \u201cVillasudores\u201d es mi <a class=\"more-link\" href=\"https:\/\/parqueminiaturasvillasudores.com\/?page_id=96\">Continue Reading &rarr;<\/a><\/p>\n","protected":false},"author":2,"featured_media":0,"parent":0,"menu_order":0,"comment_status":"closed","ping_status":"closed","template":"","meta":{"footnotes":""},"class_list":["post-96","page","type-page","status-publish","hentry"],"aioseo_notices":[],"_links":{"self":[{"href":"https:\/\/parqueminiaturasvillasudores.com\/index.php?rest_route=\/wp\/v2\/pages\/96"}],"collection":[{"href":"https:\/\/parqueminiaturasvillasudores.com\/index.php?rest_route=\/wp\/v2\/pages"}],"about":[{"href":"https:\/\/parqueminiaturasvillasudores.com\/index.php?rest_route=\/wp\/v2\/types\/page"}],"author":[{"embeddable":true,"href":"https:\/\/parqueminiaturasvillasudores.com\/index.php?rest_route=\/wp\/v2\/users\/2"}],"replies":[{"embeddable":true,"href":"https:\/\/parqueminiaturasvillasudores.com\/index.php?rest_route=%2Fwp%2Fv2%2Fcomments&post=96"}],"version-history":[{"count":3,"href":"https:\/\/parqueminiaturasvillasudores.com\/index.php?rest_route=\/wp\/v2\/pages\/96\/revisions"}],"predecessor-version":[{"id":1001,"href":"https:\/\/parqueminiaturasvillasudores.com\/index.php?rest_route=\/wp\/v2\/pages\/96\/revisions\/1001"}],"wp:attachment":[{"href":"https:\/\/parqueminiaturasvillasudores.com\/index.php?rest_route=%2Fwp%2Fv2%2Fmedia&parent=96"}],"curies":[{"name":"wp","href":"https:\/\/api.w.org\/{rel}","templated":true}]}}